{"id":1595,"date":"2019-07-08T14:05:20","date_gmt":"2019-07-08T12:05:20","guid":{"rendered":"https:\/\/www.mondiale.be\/profil-dentreprise\/"},"modified":"2020-09-07T12:51:02","modified_gmt":"2020-09-07T10:51:02","slug":"profil-dentreprise","status":"publish","type":"page","link":"https:\/\/www.mondiale.be\/fr\/profil-dentreprise\/","title":{"rendered":"Profil d&rsquo;entreprise"},"content":{"rendered":"\t\t<div data-elementor-type=\"wp-post\" data-elementor-id=\"1595\" class=\"elementor elementor-1595 elementor-64\" data-elementor-post-type=\"page\">\n\t\t\t\t\t\t<section class=\"elementor-section elementor-top-section elementor-element elementor-element-bb20584 elementor-section-height-min-height elementor-section-content-middle elementor-section-boxed elementor-section-height-default elementor-section-items-middle\" data-id=\"bb20584\" data-element_type=\"section\" data-e-type=\"section\" data-settings=\"{&quot;background_background&quot;:&quot;classic&quot;}\">\n\t\t\t\t\t\t\t<div class=\"elementor-background-overlay\"><\/div>\n\t\t\t\t\t\t\t<div class=\"elementor-container elementor-column-gap-default\">\n\t\t\t\t\t<div class=\"elementor-column elementor-col-100 elementor-top-column elementor-element elementor-element-5e61e49\" data-id=\"5e61e49\" data-element_type=\"column\" data-e-type=\"column\">\n\t\t\t<div class=\"elementor-widget-wrap elementor-element-populated\">\n\t\t\t\t\t\t<div class=\"elementor-element elementor-element-cd7cab7 elementor-widget elementor-widget-heading\" data-id=\"cd7cab7\" data-element_type=\"widget\" data-e-type=\"widget\" data-widget_type=\"heading.default\">\n\t\t\t\t<div class=\"elementor-widget-container\">\n\t\t\t\t\t<h1 class=\"elementor-heading-title elementor-size-default\">Profil d&rsquo;entreprise<\/h1>\t\t\t\t<\/div>\n\t\t\t\t<\/div>\n\t\t\t\t<div class=\"elementor-element elementor-element-13d7cde elementor-widget elementor-widget-text-editor\" data-id=\"13d7cde\" data-element_type=\"widget\" data-e-type=\"widget\" data-widget_type=\"text-editor.default\">\n\t\t\t\t<div class=\"elementor-widget-container\">\n\t\t\t\t\t\t\t\t\t<p><strong>Mondiale<\/strong> a la r\u00e9putation d&rsquo;\u00eatre l&rsquo;un des principaux distributeurs de machines-outils en Europe, qu&rsquo;il s&rsquo;agisse de machines neuves ou d&rsquo;occasion, de machines individuelles \u00e0 des installations compl\u00e8tes. Mondiale a \u00e9t\u00e9 fond\u00e9e en 1921 et son si\u00e8ge social est situ\u00e9 \u00e0 Zele, en Belgique. La soci\u00e9t\u00e9 est sp\u00e9cialis\u00e9e dans l&rsquo;achat et la vente de machines dans le monde entier.<\/p>\n\t\t\t\t\t\t\t\t<\/div>\n\t\t\t\t<\/div>\n\t\t\t\t<section class=\"elementor-section elementor-inner-section elementor-element elementor-element-06e4f4b elementor-section-boxed elementor-section-height-default elementor-section-height-default\" data-id=\"06e4f4b\" data-element_type=\"section\" data-e-type=\"section\">\n\t\t\t\t\t\t<div class=\"elementor-container elementor-column-gap-default\">\n\t\t\t\t\t<div class=\"elementor-column elementor-col-50 elementor-inner-column elementor-element elementor-element-9287ff3\" data-id=\"9287ff3\" data-element_type=\"column\" data-e-type=\"column\">\n\t\t\t<div class=\"elementor-widget-wrap elementor-element-populated\">\n\t\t\t\t\t\t<div class=\"elementor-element elementor-element-68ced9e elementor-align-right elementor-mobile-align-justify elementor-widget elementor-widget-button\" data-id=\"68ced9e\" data-element_type=\"widget\" data-e-type=\"widget\" data-widget_type=\"button.default\">\n\t\t\t\t<div class=\"elementor-widget-container\">\n\t\t\t\t\t\t\t\t\t<div class=\"elementor-button-wrapper\">\n\t\t\t\t\t<a class=\"elementor-button elementor-button-link elementor-size-md\" href=\"#main\">\n\t\t\t\t\t\t<span class=\"elementor-button-content-wrapper\">\n\t\t\t\t\t\t\t\t\t<span class=\"elementor-button-text\">Lisez en plus<\/span>\n\t\t\t\t\t<\/span>\n\t\t\t\t\t<\/a>\n\t\t\t\t<\/div>\n\t\t\t\t\t\t\t\t<\/div>\n\t\t\t\t<\/div>\n\t\t\t\t\t<\/div>\n\t\t<\/div>\n\t\t\t\t<div class=\"elementor-column elementor-col-50 elementor-inner-column elementor-element elementor-element-0bb9453\" data-id=\"0bb9453\" data-element_type=\"column\" data-e-type=\"column\">\n\t\t\t<div class=\"elementor-widget-wrap elementor-element-populated\">\n\t\t\t\t\t\t<div class=\"elementor-element elementor-element-b7ffebb elementor-align-left elementor-mobile-align-justify elementor-widget elementor-widget-button\" data-id=\"b7ffebb\" data-element_type=\"widget\" data-e-type=\"widget\" data-widget_type=\"button.default\">\n\t\t\t\t<div class=\"elementor-widget-container\">\n\t\t\t\t\t\t\t\t\t<div class=\"elementor-button-wrapper\">\n\t\t\t\t\t<a class=\"elementor-button elementor-button-link elementor-size-md\" href=\"https:\/\/mondiale.storygraaf.be\" target=\"_blank\" rel=\"nofollow\">\n\t\t\t\t\t\t<span class=\"elementor-button-content-wrapper\">\n\t\t\t\t\t\t<span class=\"elementor-button-icon\">\n\t\t\t\t<i aria-hidden=\"true\" class=\"fab fa-rev\"><\/i>\t\t\t<\/span>\n\t\t\t\t\t\t\t\t\t<span class=\"elementor-button-text\">Virtual tour<\/span>\n\t\t\t\t\t<\/span>\n\t\t\t\t\t<\/a>\n\t\t\t\t<\/div>\n\t\t\t\t\t\t\t\t<\/div>\n\t\t\t\t<\/div>\n\t\t\t\t\t<\/div>\n\t\t<\/div>\n\t\t\t\t\t<\/div>\n\t\t<\/section>\n\t\t\t\t\t<\/div>\n\t\t<\/div>\n\t\t\t\t\t<\/div>\n\t\t<\/section>\n\t\t\t\t<section class=\"elementor-section elementor-top-section elementor-element elementor-element-3735f89 elementor-section-boxed elementor-section-height-default elementor-section-height-default\" data-id=\"3735f89\" data-element_type=\"section\" data-e-type=\"section\" id=\"main\" data-settings=\"{&quot;background_background&quot;:&quot;classic&quot;}\">\n\t\t\t\t\t\t<div class=\"elementor-container elementor-column-gap-default\">\n\t\t\t\t\t<div class=\"elementor-column elementor-col-100 elementor-top-column elementor-element elementor-element-c08d3c4\" data-id=\"c08d3c4\" data-element_type=\"column\" data-e-type=\"column\">\n\t\t\t<div class=\"elementor-widget-wrap elementor-element-populated\">\n\t\t\t\t\t\t<div class=\"elementor-element elementor-element-39eb63c elementor-widget elementor-widget-heading\" data-id=\"39eb63c\" data-element_type=\"widget\" data-e-type=\"widget\" data-widget_type=\"heading.default\">\n\t\t\t\t<div class=\"elementor-widget-container\">\n\t\t\t\t\t<h1 class=\"elementor-heading-title elementor-size-default\">Rejoignez-nous pour une promenade \u00e0 travers Mondiales <br> 15.000 m\u00e8tres carr\u00e9s showroom ...<\/h1>\t\t\t\t<\/div>\n\t\t\t\t<\/div>\n\t\t\t\t<div class=\"elementor-element elementor-element-9455357 elementor-widget elementor-widget-video\" data-id=\"9455357\" data-element_type=\"widget\" data-e-type=\"widget\" data-settings=\"{&quot;youtube_url&quot;:&quot;https:\\\/\\\/youtu.be\\\/BSvZ35mG4nA&quot;,&quot;yt_privacy&quot;:&quot;yes&quot;,&quot;loop&quot;:&quot;yes&quot;,&quot;video_type&quot;:&quot;youtube&quot;,&quot;controls&quot;:&quot;yes&quot;}\" data-widget_type=\"video.default\">\n\t\t\t\t<div class=\"elementor-widget-container\">\n\t\t\t\t\t\t\t<div class=\"elementor-wrapper elementor-open-inline\">\n\t\t\t<div class=\"elementor-video\"><\/div>\t\t<\/div>\n\t\t\t\t\t\t<\/div>\n\t\t\t\t<\/div>\n\t\t\t\t\t<\/div>\n\t\t<\/div>\n\t\t\t\t\t<\/div>\n\t\t<\/section>\n\t\t\t\t<section class=\"elementor-section elementor-top-section elementor-element elementor-element-ff4be55 elementor-section-boxed elementor-section-height-default elementor-section-height-default\" data-id=\"ff4be55\" data-element_type=\"section\" data-e-type=\"section\" data-settings=\"{&quot;background_background&quot;:&quot;classic&quot;}\">\n\t\t\t\t\t\t<div class=\"elementor-container elementor-column-gap-default\">\n\t\t\t\t\t<div class=\"elementor-column elementor-col-100 elementor-top-column elementor-element elementor-element-bac395e\" data-id=\"bac395e\" data-element_type=\"column\" data-e-type=\"column\">\n\t\t\t<div class=\"elementor-widget-wrap elementor-element-populated\">\n\t\t\t\t\t\t<div class=\"elementor-element elementor-element-67e419d elementor-widget elementor-widget-heading\" data-id=\"67e419d\" data-element_type=\"widget\" data-e-type=\"widget\" data-widget_type=\"heading.default\">\n\t\t\t\t<div class=\"elementor-widget-container\">\n\t\t\t\t\t<h3 class=\"elementor-heading-title elementor-size-default\">Mondiale est sp\u00e9cialis\u00e9e dans les tours neufs et d'occasion, les tours CNC, les fraiseuses universelles, les fraiseuses CNC, les al\u00e9seuses verticales, les al\u00e9seuses verticales CNC, les centres d'usinage verticaux CNC, les centres d'usinage horizontaux CNC, les fraiseuses CNC \u00e0 bancs, les al\u00e9seuses horizontales, les al\u00e9seuses horizontales CNC , al\u00e9seuses verticales, al\u00e9seuses verticales CNC, rectifieuses cylindriques et de surface, rectifieuses cylindriques et de rectification CNC. Le stock neuf et usag\u00e9 comprend plus de 800 machines CNC et non conventionnelles dans toutes ces cat\u00e9gories et bien d'autres.<\/h3>\t\t\t\t<\/div>\n\t\t\t\t<\/div>\n\t\t\t\t<div class=\"elementor-element elementor-element-ab2aea1 elementor-widget-divider--view-line elementor-widget elementor-widget-divider\" data-id=\"ab2aea1\" data-element_type=\"widget\" data-e-type=\"widget\" data-widget_type=\"divider.default\">\n\t\t\t\t<div class=\"elementor-widget-container\">\n\t\t\t\t\t\t\t<div class=\"elementor-divider\">\n\t\t\t<span class=\"elementor-divider-separator\">\n\t\t\t\t\t\t<\/span>\n\t\t<\/div>\n\t\t\t\t\t\t<\/div>\n\t\t\t\t<\/div>\n\t\t\t\t<div class=\"elementor-element elementor-element-3b5787e elementor-widget elementor-widget-text-editor\" data-id=\"3b5787e\" data-element_type=\"widget\" data-e-type=\"widget\" data-widget_type=\"text-editor.default\">\n\t\t\t\t<div class=\"elementor-widget-container\">\n\t\t\t\t\t\t\t\t\t<p>En <strong>1989<\/strong>, Mondiale est devenue membre de <strong><a href=\"https:\/\/www.vraetsmachinery.com\/nl\/\" target=\"_blank\" rel=\"noopener\">Harry Vraets Machinery BV (HVM)<\/a><\/strong>, une soci\u00e9t\u00e9 r\u00e9put\u00e9e qui a 35 ans d&rsquo;histoire en tant que soci\u00e9t\u00e9 de commerce mondial de <strong>grosses machines<\/strong> (neuves et d&rsquo;occasion).<\/p>\n<p>Mondiale et HVM disposent d&rsquo;un <strong>vaste entrep\u00f4t de 15 000 m\u00b2<\/strong> : 14 000 m\u00b2 de machines d&rsquo;occasion et une salle d&rsquo;exposition de machines neuves de 1000 m\u00b2.<\/p>\n<p>Le puissant partenariat entre Mondiale et HVM offre aux clients <strong>l&rsquo;une des plus grandes s\u00e9lections de machines<\/strong> neuves et d&rsquo;occasion en <strong>Europe<\/strong>. Nos machines sont toujours disponibles pour inspection dans notre entrep\u00f4t et notre salle d&rsquo;exposition.<\/p>\n\t\t\t\t\t\t\t\t<\/div>\n\t\t\t\t<\/div>\n\t\t\t\t<div class=\"elementor-element elementor-element-f203848 elementor-widget elementor-widget-text-editor\" data-id=\"f203848\" data-element_type=\"widget\" data-e-type=\"widget\" data-widget_type=\"text-editor.default\">\n\t\t\t\t<div class=\"elementor-widget-container\">\n\t\t\t\t\t\t\t\t\t<h3>Ou parcourez notre \u00e9norme stock en ligne, d\u00e8s maintenant !<\/h3>\n\t\t\t\t\t\t\t\t<\/div>\n\t\t\t\t<\/div>\n\t\t\t\t<div class=\"elementor-element elementor-element-c71daca elementor-align-center elementor-tablet-align-justify elementor-mobile-align-justify elementor-widget elementor-widget-button\" data-id=\"c71daca\" data-element_type=\"widget\" data-e-type=\"widget\" data-widget_type=\"button.default\">\n\t\t\t\t<div class=\"elementor-widget-container\">\n\t\t\t\t\t\t\t\t\t<div class=\"elementor-button-wrapper\">\n\t\t\t\t\t<a class=\"elementor-button elementor-button-link elementor-size-lg\" href=\"https:\/\/www.mondiale.be\/fr\/machines-outils\/\">\n\t\t\t\t\t\t<span class=\"elementor-button-content-wrapper\">\n\t\t\t\t\t\t\t\t\t<span class=\"elementor-button-text\">Machines outils<\/span>\n\t\t\t\t\t<\/span>\n\t\t\t\t\t<\/a>\n\t\t\t\t<\/div>\n\t\t\t\t\t\t\t\t<\/div>\n\t\t\t\t<\/div>\n\t\t\t\t\t<\/div>\n\t\t<\/div>\n\t\t\t\t\t<\/div>\n\t\t<\/section>\n\t\t\t\t<section class=\"elementor-section elementor-top-section elementor-element elementor-element-4d7fb26 elementor-section-full_width elementor-section-height-default elementor-section-height-default\" data-id=\"4d7fb26\" data-element_type=\"section\" data-e-type=\"section\">\n\t\t\t\t\t\t<div class=\"elementor-container elementor-column-gap-no\">\n\t\t\t\t\t<div class=\"elementor-column elementor-col-100 elementor-top-column elementor-element elementor-element-9653443\" data-id=\"9653443\" data-element_type=\"column\" data-e-type=\"column\">\n\t\t\t<div class=\"elementor-widget-wrap elementor-element-populated\">\n\t\t\t\t\t\t<div class=\"elementor-element elementor-element-7a3e514 elementor-widget elementor-widget-template\" data-id=\"7a3e514\" data-element_type=\"widget\" data-e-type=\"widget\" data-widget_type=\"template.default\">\n\t\t\t\t<div class=\"elementor-widget-container\">\n\t\t\t\t\t\t\t<div class=\"elementor-template\">\n\t\t\t\t\t<div data-elementor-type=\"section\" data-elementor-id=\"2438\" class=\"elementor elementor-2438 elementor-2435 elementor-2435\" data-elementor-post-type=\"elementor_library\">\n\t\t\t\t\t<section class=\"elementor-section elementor-top-section elementor-element elementor-element-f23b94e elementor-section-content-middle elementor-section-boxed elementor-section-height-default elementor-section-height-default\" data-id=\"f23b94e\" data-element_type=\"section\" data-e-type=\"section\" data-settings=\"{&quot;background_background&quot;:&quot;classic&quot;}\">\n\t\t\t\t\t\t\t<div class=\"elementor-background-overlay\"><\/div>\n\t\t\t\t\t\t\t<div class=\"elementor-container elementor-column-gap-no\">\n\t\t\t\t\t<div class=\"elementor-column elementor-col-100 elementor-top-column elementor-element elementor-element-69ddc8dc\" data-id=\"69ddc8dc\" data-element_type=\"column\" data-e-type=\"column\">\n\t\t\t<div class=\"elementor-widget-wrap elementor-element-populated\">\n\t\t\t\t\t\t<div class=\"elementor-element elementor-element-35d5e32 elementor-view-default elementor-widget elementor-widget-icon\" data-id=\"35d5e32\" data-element_type=\"widget\" data-e-type=\"widget\" data-widget_type=\"icon.default\">\n\t\t\t\t<div class=\"elementor-widget-container\">\n\t\t\t\t\t\t\t<div class=\"elementor-icon-wrapper\">\n\t\t\t<div class=\"elementor-icon\">\n\t\t\t<i aria-hidden=\"true\" class=\"fas fa-handshake\"><\/i>\t\t\t<\/div>\n\t\t<\/div>\n\t\t\t\t\t\t<\/div>\n\t\t\t\t<\/div>\n\t\t\t\t<div class=\"elementor-element elementor-element-15345608 elementor-widget elementor-widget-heading\" data-id=\"15345608\" data-element_type=\"widget\" data-e-type=\"widget\" data-widget_type=\"heading.default\">\n\t\t\t\t<div class=\"elementor-widget-container\">\n\t\t\t\t\t<h3 class=\"elementor-heading-title elementor-size-default\">Nous vous souhaitons la bienvenue dans notre showroom de 15 000 m\u00e8tres carr\u00e9s!<\/h3>\t\t\t\t<\/div>\n\t\t\t\t<\/div>\n\t\t\t\t<div class=\"elementor-element elementor-element-56507e74 elementor-widget elementor-widget-text-editor\" data-id=\"56507e74\" data-element_type=\"widget\" data-e-type=\"widget\" data-widget_type=\"text-editor.default\">\n\t\t\t\t<div class=\"elementor-widget-container\">\n\t\t\t\t\t\t\t\t\t<p>La puissante collaboration entre Mondiale et HVM vous offre l\u2019une des plus grandes s\u00e9lections de machines outils neuves et d\u2019occasion en Europe.<\/p>\n\t\t\t\t\t\t\t\t<\/div>\n\t\t\t\t<\/div>\n\t\t\t\t<div class=\"elementor-element elementor-element-3ddbb72 elementor-align-center elementor-widget elementor-widget-button\" data-id=\"3ddbb72\" data-element_type=\"widget\" data-e-type=\"widget\" data-widget_type=\"button.default\">\n\t\t\t\t<div class=\"elementor-widget-container\">\n\t\t\t\t\t\t\t\t\t<div class=\"elementor-button-wrapper\">\n\t\t\t\t\t<a class=\"elementor-button elementor-button-link elementor-size-md\" href=\"https:\/\/www.mondiale.be\/fr\/contact\/\">\n\t\t\t\t\t\t<span class=\"elementor-button-content-wrapper\">\n\t\t\t\t\t\t\t\t\t<span class=\"elementor-button-text\">Planifier une visite<\/span>\n\t\t\t\t\t<\/span>\n\t\t\t\t\t<\/a>\n\t\t\t\t<\/div>\n\t\t\t\t\t\t\t\t<\/div>\n\t\t\t\t<\/div>\n\t\t\t\t\t<\/div>\n\t\t<\/div>\n\t\t\t\t\t<\/div>\n\t\t<\/section>\n\t\t\t\t<\/div>\n\t\t\t\t<\/div>\n\t\t\t\t\t\t<\/div>\n\t\t\t\t<\/div>\n\t\t\t\t\t<\/div>\n\t\t<\/div>\n\t\t\t\t\t<\/div>\n\t\t<\/section>\n\t\t\t\t<\/div>\n\t\t","protected":false},"excerpt":{"rendered":"<p>Mondiale a la r\u00e9putation d&rsquo;\u00eatre l&rsquo;un des principaux distributeurs de machines-outils en Europe, qu&rsquo;il s&rsquo;agisse de machines neuves ou d&rsquo;occasion, de machines individuelles \u00e0 des installations compl\u00e8tes. Mondiale a \u00e9t\u00e9 fond\u00e9e en 1921 et son si\u00e8ge social est situ\u00e9 \u00e0 Zele, en Belgique. La soci\u00e9t\u00e9 est sp\u00e9cialis\u00e9e dans l&rsquo;achat et la vente de machines dans [&hellip;]<\/p>\n","protected":false},"author":2,"featured_media":0,"parent":0,"menu_order":10,"comment_status":"closed","ping_status":"closed","template":"elementor_header_footer","meta":{"_acf_changed":false,"footnotes":""},"class_list":["post-1595","page","type-page","status-publish","hentry"],"acf":[],"yoast_head":"<!-- This site is optimized with the Yoast SEO plugin v27.5 - https:\/\/yoast.com\/product\/yoast-seo-wordpress\/ -->\n<title>Mondiale, premier distributeur de machines-outils en Europe<\/title>\n<meta name=\"description\" content=\"Mondiale est l&#039;un des principaux distributeurs de machines-outils en Europe, machines d&#039;occasion et de machines neuves pour le travail des m\u00e9taux.\" \/>\n<meta name=\"robots\" content=\"index, follow, max-snippet:-1, max-image-preview:large, max-video-preview:-1\" \/>\n<link rel=\"canonical\" href=\"https:\/\/www.mondiale.be\/fr\/profil-dentreprise\/\" \/>\n<meta property=\"og:locale\" content=\"fr_FR\" \/>\n<meta property=\"og:type\" content=\"article\" \/>\n<meta property=\"og:title\" content=\"Mondiale, premier distributeur de machines-outils en Europe\" \/>\n<meta property=\"og:description\" content=\"Mondiale est l&#039;un des principaux distributeurs de machines-outils en Europe, machines d&#039;occasion et de machines neuves pour le travail des m\u00e9taux.\" \/>\n<meta property=\"og:url\" content=\"https:\/\/www.mondiale.be\/fr\/profil-dentreprise\/\" \/>\n<meta property=\"og:site_name\" content=\"Mondiale\" \/>\n<meta property=\"article:publisher\" content=\"https:\/\/www.facebook.com\/mondialenv\/\" \/>\n<meta property=\"article:modified_time\" content=\"2020-09-07T10:51:02+00:00\" \/>\n<meta name=\"twitter:card\" content=\"summary_large_image\" \/>\n<meta name=\"twitter:label1\" content=\"Dur\u00e9e de lecture estim\u00e9e\" \/>\n\t<meta name=\"twitter:data1\" content=\"1 minute\" \/>\n<script type=\"application\/ld+json\" class=\"yoast-schema-graph\">{\"@context\":\"https:\\\/\\\/schema.org\",\"@graph\":[{\"@type\":\"WebPage\",\"@id\":\"https:\\\/\\\/www.mondiale.be\\\/fr\\\/profil-dentreprise\\\/\",\"url\":\"https:\\\/\\\/www.mondiale.be\\\/fr\\\/profil-dentreprise\\\/\",\"name\":\"Mondiale, premier distributeur de machines-outils en Europe\",\"isPartOf\":{\"@id\":\"https:\\\/\\\/www.mondiale.be\\\/fr\\\/#website\"},\"datePublished\":\"2019-07-08T12:05:20+00:00\",\"dateModified\":\"2020-09-07T10:51:02+00:00\",\"description\":\"Mondiale est l'un des principaux distributeurs de machines-outils en Europe, machines d'occasion et de machines neuves pour le travail des m\u00e9taux.\",\"breadcrumb\":{\"@id\":\"https:\\\/\\\/www.mondiale.be\\\/fr\\\/profil-dentreprise\\\/#breadcrumb\"},\"inLanguage\":\"fr-FR\",\"potentialAction\":[{\"@type\":\"ReadAction\",\"target\":[\"https:\\\/\\\/www.mondiale.be\\\/fr\\\/profil-dentreprise\\\/\"]}]},{\"@type\":\"BreadcrumbList\",\"@id\":\"https:\\\/\\\/www.mondiale.be\\\/fr\\\/profil-dentreprise\\\/#breadcrumb\",\"itemListElement\":[{\"@type\":\"ListItem\",\"position\":1,\"name\":\"Home\",\"item\":\"https:\\\/\\\/www.mondiale.be\\\/fr\\\/home\\\/\"},{\"@type\":\"ListItem\",\"position\":2,\"name\":\"Profil d&rsquo;entreprise\"}]},{\"@type\":\"WebSite\",\"@id\":\"https:\\\/\\\/www.mondiale.be\\\/fr\\\/#website\",\"url\":\"https:\\\/\\\/www.mondiale.be\\\/fr\\\/\",\"name\":\"Mondiale metalworking machines\",\"description\":\"Your Machine Tool Partner\",\"publisher\":{\"@id\":\"https:\\\/\\\/www.mondiale.be\\\/fr\\\/#organization\"},\"alternateName\":\"Mondiale\",\"potentialAction\":[{\"@type\":\"SearchAction\",\"target\":{\"@type\":\"EntryPoint\",\"urlTemplate\":\"https:\\\/\\\/www.mondiale.be\\\/fr\\\/?s={search_term_string}\"},\"query-input\":{\"@type\":\"PropertyValueSpecification\",\"valueRequired\":true,\"valueName\":\"search_term_string\"}}],\"inLanguage\":\"fr-FR\"},{\"@type\":\"Organization\",\"@id\":\"https:\\\/\\\/www.mondiale.be\\\/fr\\\/#organization\",\"name\":\"Mondiale metalworking machines\",\"alternateName\":\"Mondiale\",\"url\":\"https:\\\/\\\/www.mondiale.be\\\/fr\\\/\",\"logo\":{\"@type\":\"ImageObject\",\"inLanguage\":\"fr-FR\",\"@id\":\"https:\\\/\\\/www.mondiale.be\\\/fr\\\/#\\\/schema\\\/logo\\\/image\\\/\",\"url\":\"https:\\\/\\\/www.mondiale.be\\\/assets\\\/logo-mondiale-notag-alt-color.svg\",\"contentUrl\":\"https:\\\/\\\/www.mondiale.be\\\/assets\\\/logo-mondiale-notag-alt-color.svg\",\"width\":1,\"height\":1,\"caption\":\"Mondiale metalworking machines\"},\"image\":{\"@id\":\"https:\\\/\\\/www.mondiale.be\\\/fr\\\/#\\\/schema\\\/logo\\\/image\\\/\"},\"sameAs\":[\"https:\\\/\\\/www.facebook.com\\\/mondialenv\\\/\"]}]}<\/script>\n<!-- \/ Yoast SEO plugin. -->","yoast_head_json":{"title":"Mondiale, premier distributeur de machines-outils en Europe","description":"Mondiale est l'un des principaux distributeurs de machines-outils en Europe, machines d'occasion et de machines neuves pour le travail des m\u00e9taux.","robots":{"index":"index","follow":"follow","max-snippet":"max-snippet:-1","max-image-preview":"max-image-preview:large","max-video-preview":"max-video-preview:-1"},"canonical":"https:\/\/www.mondiale.be\/fr\/profil-dentreprise\/","og_locale":"fr_FR","og_type":"article","og_title":"Mondiale, premier distributeur de machines-outils en Europe","og_description":"Mondiale est l'un des principaux distributeurs de machines-outils en Europe, machines d'occasion et de machines neuves pour le travail des m\u00e9taux.","og_url":"https:\/\/www.mondiale.be\/fr\/profil-dentreprise\/","og_site_name":"Mondiale","article_publisher":"https:\/\/www.facebook.com\/mondialenv\/","article_modified_time":"2020-09-07T10:51:02+00:00","twitter_card":"summary_large_image","twitter_misc":{"Dur\u00e9e de lecture estim\u00e9e":"1 minute"},"schema":{"@context":"https:\/\/schema.org","@graph":[{"@type":"WebPage","@id":"https:\/\/www.mondiale.be\/fr\/profil-dentreprise\/","url":"https:\/\/www.mondiale.be\/fr\/profil-dentreprise\/","name":"Mondiale, premier distributeur de machines-outils en Europe","isPartOf":{"@id":"https:\/\/www.mondiale.be\/fr\/#website"},"datePublished":"2019-07-08T12:05:20+00:00","dateModified":"2020-09-07T10:51:02+00:00","description":"Mondiale est l'un des principaux distributeurs de machines-outils en Europe, machines d'occasion et de machines neuves pour le travail des m\u00e9taux.","breadcrumb":{"@id":"https:\/\/www.mondiale.be\/fr\/profil-dentreprise\/#breadcrumb"},"inLanguage":"fr-FR","potentialAction":[{"@type":"ReadAction","target":["https:\/\/www.mondiale.be\/fr\/profil-dentreprise\/"]}]},{"@type":"BreadcrumbList","@id":"https:\/\/www.mondiale.be\/fr\/profil-dentreprise\/#breadcrumb","itemListElement":[{"@type":"ListItem","position":1,"name":"Home","item":"https:\/\/www.mondiale.be\/fr\/home\/"},{"@type":"ListItem","position":2,"name":"Profil d&rsquo;entreprise"}]},{"@type":"WebSite","@id":"https:\/\/www.mondiale.be\/fr\/#website","url":"https:\/\/www.mondiale.be\/fr\/","name":"Mondiale metalworking machines","description":"Your Machine Tool Partner","publisher":{"@id":"https:\/\/www.mondiale.be\/fr\/#organization"},"alternateName":"Mondiale","potentialAction":[{"@type":"SearchAction","target":{"@type":"EntryPoint","urlTemplate":"https:\/\/www.mondiale.be\/fr\/?s={search_term_string}"},"query-input":{"@type":"PropertyValueSpecification","valueRequired":true,"valueName":"search_term_string"}}],"inLanguage":"fr-FR"},{"@type":"Organization","@id":"https:\/\/www.mondiale.be\/fr\/#organization","name":"Mondiale metalworking machines","alternateName":"Mondiale","url":"https:\/\/www.mondiale.be\/fr\/","logo":{"@type":"ImageObject","inLanguage":"fr-FR","@id":"https:\/\/www.mondiale.be\/fr\/#\/schema\/logo\/image\/","url":"https:\/\/www.mondiale.be\/assets\/logo-mondiale-notag-alt-color.svg","contentUrl":"https:\/\/www.mondiale.be\/assets\/logo-mondiale-notag-alt-color.svg","width":1,"height":1,"caption":"Mondiale metalworking machines"},"image":{"@id":"https:\/\/www.mondiale.be\/fr\/#\/schema\/logo\/image\/"},"sameAs":["https:\/\/www.facebook.com\/mondialenv\/"]}]}},"_links":{"self":[{"href":"https:\/\/www.mondiale.be\/fr\/wp-json\/wp\/v2\/pages\/1595","targetHints":{"allow":["GET"]}}],"collection":[{"href":"https:\/\/www.mondiale.be\/fr\/wp-json\/wp\/v2\/pages"}],"about":[{"href":"https:\/\/www.mondiale.be\/fr\/wp-json\/wp\/v2\/types\/page"}],"author":[{"embeddable":true,"href":"https:\/\/www.mondiale.be\/fr\/wp-json\/wp\/v2\/users\/2"}],"replies":[{"embeddable":true,"href":"https:\/\/www.mondiale.be\/fr\/wp-json\/wp\/v2\/comments?post=1595"}],"version-history":[{"count":0,"href":"https:\/\/www.mondiale.be\/fr\/wp-json\/wp\/v2\/pages\/1595\/revisions"}],"wp:attachment":[{"href":"https:\/\/www.mondiale.be\/fr\/wp-json\/wp\/v2\/media?parent=1595"}],"curies":[{"name":"wp","href":"https:\/\/api.w.org\/{rel}","templated":true}]}}