{"id":1610,"date":"2019-07-08T14:06:50","date_gmt":"2019-07-08T12:06:50","guid":{"rendered":"https:\/\/www.mondiale.be\/liquidation\/"},"modified":"2025-02-19T15:39:09","modified_gmt":"2025-02-19T14:39:09","slug":"vente","status":"publish","type":"page","link":"https:\/\/www.mondiale.be\/fr\/vente\/","title":{"rendered":"VENTE"},"content":{"rendered":"\t\t<div data-elementor-type=\"wp-post\" data-elementor-id=\"1610\" class=\"elementor elementor-1610 elementor-76\" data-elementor-post-type=\"page\">\n\t\t\t\t\t\t<section class=\"elementor-section elementor-top-section elementor-element elementor-element-03e4549 elementor-section-full_width elementor-section-height-default elementor-section-height-default\" data-id=\"03e4549\" data-element_type=\"section\" data-e-type=\"section\" data-settings=\"{&quot;background_background&quot;:&quot;classic&quot;,&quot;shape_divider_top&quot;:&quot;triangle&quot;}\">\n\t\t\t\t\t<div class=\"elementor-shape elementor-shape-top\" aria-hidden=\"true\" data-negative=\"false\">\n\t\t\t<svg xmlns=\"http:\/\/www.w3.org\/2000\/svg\" viewBox=\"0 0 1000 100\" preserveAspectRatio=\"none\">\n\t<path class=\"elementor-shape-fill\" d=\"M500,98.9L0,6.1V0h1000v6.1L500,98.9z\"\/>\n<\/svg>\t\t<\/div>\n\t\t\t\t\t<div class=\"elementor-container elementor-column-gap-default\">\n\t\t\t\t\t<div class=\"elementor-column elementor-col-100 elementor-top-column elementor-element elementor-element-f5e423a\" data-id=\"f5e423a\" data-element_type=\"column\" data-e-type=\"column\">\n\t\t\t<div class=\"elementor-widget-wrap elementor-element-populated\">\n\t\t\t\t\t\t<div class=\"elementor-element elementor-element-ae33e6b elementor-widget elementor-widget-heading\" data-id=\"ae33e6b\" data-element_type=\"widget\" data-e-type=\"widget\" data-widget_type=\"heading.default\">\n\t\t\t\t<div class=\"elementor-widget-container\">\n\t\t\t\t\t<h1 class=\"elementor-heading-title elementor-size-default\">VENTE<\/h1>\t\t\t\t<\/div>\n\t\t\t\t<\/div>\n\t\t\t\t<div class=\"elementor-element elementor-element-d20de07 elementor-widget elementor-widget-shortcode\" data-id=\"d20de07\" data-element_type=\"widget\" data-e-type=\"widget\" data-widget_type=\"shortcode.default\">\n\t\t\t\t<div class=\"elementor-widget-container\">\n\t\t\t\t\t\t\t<div class=\"elementor-shortcode\"><div class=\"elementor-element elementor-element-e887645 elementor-grid-4 elementor-grid-tablet-2 elementor-grid-mobile-1 elementor-posts--thumbnail-top elementor-card-shadow-yes elementor-posts__hover-gradient elementor-widget elementor-widget-posts\" data-id=\"e887645\" data-element_type=\"widget\" data-settings=\"{&quot;cards_columns&quot;:&quot;4&quot;,&quot;cards_columns_tablet&quot;:&quot;2&quot;,&quot;cards_columns_mobile&quot;:&quot;1&quot;,&quot;cards_row_gap&quot;:{&quot;unit&quot;:&quot;px&quot;,&quot;size&quot;:35,&quot;sizes&quot;:[]}}\" data-widget_type=\"posts.cards\">\n\t<div class=\"elementor-widget-container\">\n\t\t<div class=\"elementor-posts-container elementor-posts elementor-grid elementor-posts--skin-cards elementor-has-item-ratio\">\n      <article class=\"elementor-post elementor-grid-item post-344 post type-post status-publish format-standard has-post-thumbnail hentry\"><div class=\"elementor-post__card\"><a class=\"elementor-post__thumbnail__link\" href=\"https:\/\/www.mondiale.be\/fr\/p-presses-fr\/geka-microcrop-12-971p1\/\"><div class=\"elementor-post__thumbnail elementor-fit-height\"><img fetchpriority=\"high\" decoding=\"async\" width=\"960\" height=\"480\" src=\"https:\/\/www.mondiale.be\/assets\/IMG_7255-1440x1920.jpg\" class=\"attachment-medium size-medium\" alt=\"GEKA MICROCROP (12.971P1)\" srcset=\"https:\/\/www.mondiale.be\/assets\/IMG_7255-1440x1920.jpg 960w, https:\/\/www.mondiale.be\/assets\/IMG_7255-720x960.jpg 768w\" sizes=\"(max-width: 960px) 100vw, 960px\"><\/div><\/a><div class=\"elementor-post__badge\">&euro; 3950<\/div><div class=\"elementor-post__text\"><h3 class=\"elementor-post__title\"><a href=\"https:\/\/www.mondiale.be\/fr\/p-presses-fr\/geka-microcrop-12-971p1\/\">GEKA MICROCROP (12.971P1)<\/a><\/h3><div class=\"elementor-post__excerpt\"><a href=\"https:\/\/www.mondiale.be\/fr\/category\/p-presses-fr\/\">P - Presses<\/a><\/div><div class=\"elementor-post__excerpt\"><small>Caract\u00e9ristiques<\/small><\/div><a class=\"elementor-post__read-more\" href=\"https:\/\/www.mondiale.be\/fr\/p-presses-fr\/geka-microcrop-12-971p1\/\">Lisez-en plus \u00bb<\/a><\/div><\/div><\/article><article class=\"elementor-post elementor-grid-item post-344 post type-post status-publish format-standard has-post-thumbnail hentry\"><div class=\"elementor-post__card\"><a class=\"elementor-post__thumbnail__link\" href=\"https:\/\/www.mondiale.be\/fr\/z-machines-a-scier\/bewo-cpo-315-13-052z1\/\"><div class=\"elementor-post__thumbnail elementor-fit-height\"><img decoding=\"async\" width=\"960\" height=\"480\" src=\"https:\/\/www.mondiale.be\/assets\/IMG_7269_web.jpg\" class=\"attachment-medium size-medium\" alt=\"BEWO CPO-315 (13.052Z1)\" srcset=\"https:\/\/www.mondiale.be\/assets\/IMG_7269_web.jpg 960w, https:\/\/www.mondiale.be\/assets\/IMG_7269_web-720x960.jpg 768w\" sizes=\"(max-width: 960px) 100vw, 960px\"><\/div><\/a><div class=\"elementor-post__badge\">LIQUIDATION<\/div><div class=\"elementor-post__text\"><h3 class=\"elementor-post__title\"><a href=\"https:\/\/www.mondiale.be\/fr\/z-machines-a-scier\/bewo-cpo-315-13-052z1\/\">BEWO CPO-315 (13.052Z1)<\/a><\/h3><div class=\"elementor-post__excerpt\"><a href=\"https:\/\/www.mondiale.be\/fr\/category\/z-machines-a-scier\/\">Z - Machines \u00e0 scier<\/a><\/div><div class=\"elementor-post__excerpt\"><small>Caract\u00e9ristiques: Capacit\u00e9 (mm): 110, Diam\u00e8tre de la lame de scie (mm): 315<\/small><\/div><a class=\"elementor-post__read-more\" href=\"https:\/\/www.mondiale.be\/fr\/z-machines-a-scier\/bewo-cpo-315-13-052z1\/\">Lisez-en plus \u00bb<\/a><\/div><\/div><\/article><article class=\"elementor-post elementor-grid-item post-344 post type-post status-publish format-standard has-post-thumbnail hentry\"><div class=\"elementor-post__card\"><a class=\"elementor-post__thumbnail__link\" href=\"https:\/\/www.mondiale.be\/fr\/r-rouleuses\/sahinler-pk35-13-084r1\/\"><div class=\"elementor-post__thumbnail elementor-fit-height\"><img decoding=\"async\" width=\"960\" height=\"480\" src=\"https:\/\/www.mondiale.be\/assets\/IMG_8938-1440x1920.jpg\" class=\"attachment-medium size-medium\" alt=\"SAHINLER PK35 (13.084R1)\" srcset=\"https:\/\/www.mondiale.be\/assets\/IMG_8938-1440x1920.jpg 960w, https:\/\/www.mondiale.be\/assets\/IMG_8938-720x960.jpg 768w\" sizes=\"(max-width: 960px) 100vw, 960px\"><\/div><\/a><div class=\"elementor-post__badge\">&euro; 2500<\/div><div class=\"elementor-post__text\"><h3 class=\"elementor-post__title\"><a href=\"https:\/\/www.mondiale.be\/fr\/r-rouleuses\/sahinler-pk35-13-084r1\/\">SAHINLER PK35 (13.084R1)<\/a><\/h3><div class=\"elementor-post__excerpt\"><a href=\"https:\/\/www.mondiale.be\/fr\/category\/r-rouleuses\/\">R - Rouleuses<\/a><\/div><div class=\"elementor-post__excerpt\"><small>Caract\u00e9ristiques<\/small><\/div><a class=\"elementor-post__read-more\" href=\"https:\/\/www.mondiale.be\/fr\/r-rouleuses\/sahinler-pk35-13-084r1\/\">Lisez-en plus \u00bb<\/a><\/div><\/div><\/article><article class=\"elementor-post elementor-grid-item post-344 post type-post status-publish format-standard has-post-thumbnail hentry\"><div class=\"elementor-post__card\"><a class=\"elementor-post__thumbnail__link\" href=\"https:\/\/www.mondiale.be\/fr\/p-presses-fr\/sahinler-hkm40-13-085p1\/\"><div class=\"elementor-post__thumbnail elementor-fit-height\"><img loading=\"lazy\" decoding=\"async\" width=\"960\" height=\"480\" src=\"https:\/\/www.mondiale.be\/assets\/IMG_8946-1440x1920.jpg\" class=\"attachment-medium size-medium\" alt=\"SAHINLER HKM40 (13.085P1)\" srcset=\"https:\/\/www.mondiale.be\/assets\/IMG_8946-1440x1920.jpg 960w, https:\/\/www.mondiale.be\/assets\/IMG_8946-720x960.jpg 768w\" sizes=\"(max-width: 960px) 100vw, 960px\"><\/div><\/a><div class=\"elementor-post__badge\">LIQUIDATION<\/div><div class=\"elementor-post__text\"><h3 class=\"elementor-post__title\"><a href=\"https:\/\/www.mondiale.be\/fr\/p-presses-fr\/sahinler-hkm40-13-085p1\/\">SAHINLER HKM40 (13.085P1)<\/a><\/h3><div class=\"elementor-post__excerpt\"><a href=\"https:\/\/www.mondiale.be\/fr\/category\/p-presses-fr\/\">P - Presses<\/a><\/div><div class=\"elementor-post__excerpt\"><small>Caract\u00e9ristiques: Puissance (en tonnes): 40, Course (mm): 50<\/small><\/div><a class=\"elementor-post__read-more\" href=\"https:\/\/www.mondiale.be\/fr\/p-presses-fr\/sahinler-hkm40-13-085p1\/\">Lisez-en plus \u00bb<\/a><\/div><\/div><\/article>    <\/div>\n\t<\/div>\n<\/div>\n\t<\/div>\n\t\t\t\t\t\t<\/div>\n\t\t\t\t<\/div>\n\t\t\t\t<div class=\"elementor-element elementor-element-e887645 elementor-grid-1 elementor-hidden-desktop elementor-hidden-tablet elementor-hidden-phone elementor-grid-tablet-2 elementor-grid-mobile-1 elementor-posts--thumbnail-top elementor-card-shadow-yes elementor-posts__hover-gradient elementor-widget elementor-widget-posts\" data-id=\"e887645\" data-element_type=\"widget\" data-e-type=\"widget\" data-settings=\"{&quot;cards_columns&quot;:&quot;1&quot;,&quot;cards_columns_tablet&quot;:&quot;2&quot;,&quot;cards_columns_mobile&quot;:&quot;1&quot;,&quot;cards_row_gap&quot;:{&quot;unit&quot;:&quot;px&quot;,&quot;size&quot;:35,&quot;sizes&quot;:[]},&quot;cards_row_gap_tablet&quot;:{&quot;unit&quot;:&quot;px&quot;,&quot;size&quot;:&quot;&quot;,&quot;sizes&quot;:[]},&quot;cards_row_gap_mobile&quot;:{&quot;unit&quot;:&quot;px&quot;,&quot;size&quot;:&quot;&quot;,&quot;sizes&quot;:[]}}\" data-widget_type=\"posts.cards\">\n\t\t\t\t<div class=\"elementor-widget-container\">\n\t\t\t\t\t\t\t<div class=\"elementor-posts-container elementor-posts elementor-posts--skin-cards elementor-grid\" role=\"list\">\n\t\t\t\t<article class=\"elementor-post elementor-grid-item post-40193 post type-post status-publish format-standard has-post-thumbnail hentry category-p-presses-fr category-presses-hydrauliques\" role=\"listitem\">\n\t\t\t<div class=\"elementor-post__card\">\n\t\t\t\t<a class=\"elementor-post__thumbnail__link\" href=\"https:\/\/www.mondiale.be\/fr\/p-presses-fr\/geka-microcrop-12-971p1\/\" tabindex=\"-1\" ><div class=\"elementor-post__thumbnail\"><img loading=\"lazy\" decoding=\"async\" width=\"720\" height=\"960\" src=\"https:\/\/www.mondiale.be\/assets\/IMG_7255-720x960.jpg\" class=\"attachment-medium size-medium wp-image-40159\" alt=\"\" srcset=\"https:\/\/www.mondiale.be\/assets\/IMG_7255-720x960.jpg 720w, https:\/\/www.mondiale.be\/assets\/IMG_7255-1440x1920.jpg 1440w, https:\/\/www.mondiale.be\/assets\/IMG_7255-768x1024.jpg 768w, https:\/\/www.mondiale.be\/assets\/IMG_7255-1152x1536.jpg 1152w, https:\/\/www.mondiale.be\/assets\/IMG_7255-rotated.jpg 1500w\" sizes=\"(max-width: 720px) 100vw, 720px\" \/><\/div><\/a>\n\t\t\t\t<div class=\"elementor-post__badge\">P - Presses<\/div>\n\t\t\t\t<div class=\"elementor-post__text\">\n\t\t\t\t<h3 class=\"elementor-post__title\">\n\t\t\t<a href=\"https:\/\/www.mondiale.be\/fr\/p-presses-fr\/geka-microcrop-12-971p1\/\" >\n\t\t\t\tGEKA MICROCROP (12.971P1)\t\t\t<\/a>\n\t\t<\/h3>\n\t\t\t\t<div class=\"elementor-post__excerpt\">\n\t\t\t<p>Caract\u00e9ristiques<\/p>\n\t\t<\/div>\n\t\t\n\t\t<a class=\"elementor-post__read-more\" href=\"https:\/\/www.mondiale.be\/fr\/p-presses-fr\/geka-microcrop-12-971p1\/\" aria-label=\"En savoir plus sur GEKA MICROCROP (12.971P1)\" tabindex=\"-1\" >\n\t\t\tVoir la machine \u00bb\t\t<\/a>\n\n\t\t\t\t<\/div>\n\t\t\t\t\t<\/div>\n\t\t<\/article>\n\t\t\t\t<\/div>\n\t\t\n\t\t\t\t\t\t<\/div>\n\t\t\t\t<\/div>\n\t\t\t\t\t<\/div>\n\t\t<\/div>\n\t\t\t\t\t<\/div>\n\t\t<\/section>\n\t\t\t\t<section class=\"elementor-section elementor-top-section elementor-element elementor-element-2297723 elementor-section-full_width elementor-section-height-default elementor-section-height-default\" data-id=\"2297723\" data-element_type=\"section\" data-e-type=\"section\">\n\t\t\t\t\t\t<div class=\"elementor-container elementor-column-gap-no\">\n\t\t\t\t\t<div class=\"elementor-column elementor-col-100 elementor-top-column elementor-element elementor-element-95ecc58\" data-id=\"95ecc58\" data-element_type=\"column\" data-e-type=\"column\">\n\t\t\t<div class=\"elementor-widget-wrap elementor-element-populated\">\n\t\t\t\t\t\t<div class=\"elementor-element elementor-element-8a70a67 elementor-widget elementor-widget-template\" data-id=\"8a70a67\" data-element_type=\"widget\" data-e-type=\"widget\" data-widget_type=\"template.default\">\n\t\t\t\t<div class=\"elementor-widget-container\">\n\t\t\t\t\t\t\t<div class=\"elementor-template\">\n\t\t\t\t\t<div data-elementor-type=\"section\" data-elementor-id=\"3006\" class=\"elementor elementor-3006 elementor-2989 elementor-2989\" data-elementor-post-type=\"elementor_library\">\n\t\t\t\t\t<section class=\"elementor-section elementor-top-section elementor-element elementor-element-2602b3a3 elementor-section-content-middle elementor-section-boxed elementor-section-height-default elementor-section-height-default\" data-id=\"2602b3a3\" data-element_type=\"section\" data-e-type=\"section\" data-settings=\"{&quot;background_background&quot;:&quot;classic&quot;,&quot;shape_divider_top&quot;:&quot;arrow&quot;}\">\n\t\t\t\t\t\t\t<div class=\"elementor-background-overlay\"><\/div>\n\t\t\t\t\t\t<div class=\"elementor-shape elementor-shape-top\" aria-hidden=\"true\" data-negative=\"false\">\n\t\t\t<svg xmlns=\"http:\/\/www.w3.org\/2000\/svg\" viewBox=\"0 0 700 10\" preserveAspectRatio=\"none\">\n\t<path class=\"elementor-shape-fill\" d=\"M350,10L340,0h20L350,10z\"\/>\n<\/svg>\t\t<\/div>\n\t\t\t\t\t<div class=\"elementor-container elementor-column-gap-no\">\n\t\t\t\t\t<div class=\"elementor-column elementor-col-100 elementor-top-column elementor-element elementor-element-69672cf3\" data-id=\"69672cf3\" data-element_type=\"column\" data-e-type=\"column\">\n\t\t\t<div class=\"elementor-widget-wrap elementor-element-populated\">\n\t\t\t\t\t\t<div class=\"elementor-element elementor-element-7e37ad5 elementor-view-default elementor-widget elementor-widget-icon\" data-id=\"7e37ad5\" data-element_type=\"widget\" data-e-type=\"widget\" data-widget_type=\"icon.default\">\n\t\t\t\t<div class=\"elementor-widget-container\">\n\t\t\t\t\t\t\t<div class=\"elementor-icon-wrapper\">\n\t\t\t<div class=\"elementor-icon\">\n\t\t\t<i aria-hidden=\"true\" class=\"far fa-envelope\"><\/i>\t\t\t<\/div>\n\t\t<\/div>\n\t\t\t\t\t\t<\/div>\n\t\t\t\t<\/div>\n\t\t\t\t<div class=\"elementor-element elementor-element-335cbc72 elementor-widget elementor-widget-heading\" data-id=\"335cbc72\" data-element_type=\"widget\" data-e-type=\"widget\" data-widget_type=\"heading.default\">\n\t\t\t\t<div class=\"elementor-widget-container\">\n\t\t\t\t\t<h3 class=\"elementor-heading-title elementor-size-default\">Inscrivez-vous \u00e0 la newsletter<\/h3>\t\t\t\t<\/div>\n\t\t\t\t<\/div>\n\t\t\t\t<div class=\"elementor-element elementor-element-34abf408 elementor-widget elementor-widget-text-editor\" data-id=\"34abf408\" data-element_type=\"widget\" data-e-type=\"widget\" data-widget_type=\"text-editor.default\">\n\t\t\t\t<div class=\"elementor-widget-container\">\n\t\t\t\t\t\t\t\t\t<p><strong>Nous n&rsquo;aimons pas le spam non plus. Nous n&rsquo;envoyons donc que quelques fois par an. Vous pouvez toujours vous d\u00e9sabonner \u00e0 tout moment.<\/strong><\/p>\n\t\t\t\t\t\t\t\t<\/div>\n\t\t\t\t<\/div>\n\t\t\t\t<div class=\"elementor-element elementor-element-5f0c353 elementor-align-center elementor-widget elementor-widget-button\" data-id=\"5f0c353\" data-element_type=\"widget\" data-e-type=\"widget\" data-widget_type=\"button.default\">\n\t\t\t\t<div class=\"elementor-widget-container\">\n\t\t\t\t\t\t\t\t\t<div class=\"elementor-button-wrapper\">\n\t\t\t\t\t<a class=\"elementor-button elementor-button-link elementor-size-lg\" href=\"http:\/\/eepurl.com\/gSyvzn\" target=\"_blank\">\n\t\t\t\t\t\t<span class=\"elementor-button-content-wrapper\">\n\t\t\t\t\t\t\t\t\t<span class=\"elementor-button-text\">S'inscrire<\/span>\n\t\t\t\t\t<\/span>\n\t\t\t\t\t<\/a>\n\t\t\t\t<\/div>\n\t\t\t\t\t\t\t\t<\/div>\n\t\t\t\t<\/div>\n\t\t\t\t\t<\/div>\n\t\t<\/div>\n\t\t\t\t\t<\/div>\n\t\t<\/section>\n\t\t\t\t<\/div>\n\t\t\t\t<\/div>\n\t\t\t\t\t\t<\/div>\n\t\t\t\t<\/div>\n\t\t\t\t\t<\/div>\n\t\t<\/div>\n\t\t\t\t\t<\/div>\n\t\t<\/section>\n\t\t\t\t<\/div>\n\t\t","protected":false},"excerpt":{"rendered":"","protected":false},"author":2,"featured_media":0,"parent":0,"menu_order":20,"comment_status":"closed","ping_status":"closed","template":"elementor_header_footer","meta":{"_acf_changed":false,"footnotes":""},"class_list":["post-1610","page","type-page","status-publish","hentry"],"acf":[],"yoast_head":"<!-- This site is optimized with the Yoast SEO plugin v27.4 - https:\/\/yoast.com\/product\/yoast-seo-wordpress\/ -->\n<title>VENTE - Mondiale<\/title>\n<meta name=\"robots\" content=\"index, follow, max-snippet:-1, max-image-preview:large, max-video-preview:-1\" \/>\n<link rel=\"canonical\" href=\"https:\/\/www.mondiale.be\/fr\/vente\/\" \/>\n<meta property=\"og:locale\" content=\"fr_FR\" \/>\n<meta property=\"og:type\" content=\"article\" \/>\n<meta property=\"og:title\" content=\"VENTE - Mondiale\" \/>\n<meta property=\"og:url\" content=\"https:\/\/www.mondiale.be\/fr\/vente\/\" \/>\n<meta property=\"og:site_name\" content=\"Mondiale\" \/>\n<meta property=\"article:publisher\" content=\"https:\/\/www.facebook.com\/mondialenv\/\" \/>\n<meta property=\"article:modified_time\" content=\"2025-02-19T14:39:09+00:00\" \/>\n<meta name=\"twitter:card\" content=\"summary_large_image\" \/>\n<script type=\"application\/ld+json\" class=\"yoast-schema-graph\">{\"@context\":\"https:\\\/\\\/schema.org\",\"@graph\":[{\"@type\":\"WebPage\",\"@id\":\"https:\\\/\\\/www.mondiale.be\\\/fr\\\/vente\\\/\",\"url\":\"https:\\\/\\\/www.mondiale.be\\\/fr\\\/vente\\\/\",\"name\":\"VENTE - Mondiale\",\"isPartOf\":{\"@id\":\"https:\\\/\\\/www.mondiale.be\\\/fr\\\/#website\"},\"datePublished\":\"2019-07-08T12:06:50+00:00\",\"dateModified\":\"2025-02-19T14:39:09+00:00\",\"breadcrumb\":{\"@id\":\"https:\\\/\\\/www.mondiale.be\\\/fr\\\/vente\\\/#breadcrumb\"},\"inLanguage\":\"fr-FR\",\"potentialAction\":[{\"@type\":\"ReadAction\",\"target\":[\"https:\\\/\\\/www.mondiale.be\\\/fr\\\/vente\\\/\"]}]},{\"@type\":\"BreadcrumbList\",\"@id\":\"https:\\\/\\\/www.mondiale.be\\\/fr\\\/vente\\\/#breadcrumb\",\"itemListElement\":[{\"@type\":\"ListItem\",\"position\":1,\"name\":\"Home\",\"item\":\"https:\\\/\\\/www.mondiale.be\\\/fr\\\/home\\\/\"},{\"@type\":\"ListItem\",\"position\":2,\"name\":\"VENTE\"}]},{\"@type\":\"WebSite\",\"@id\":\"https:\\\/\\\/www.mondiale.be\\\/fr\\\/#website\",\"url\":\"https:\\\/\\\/www.mondiale.be\\\/fr\\\/\",\"name\":\"Mondiale metalworking machines\",\"description\":\"Your Machine Tool Partner\",\"publisher\":{\"@id\":\"https:\\\/\\\/www.mondiale.be\\\/fr\\\/#organization\"},\"alternateName\":\"Mondiale\",\"potentialAction\":[{\"@type\":\"SearchAction\",\"target\":{\"@type\":\"EntryPoint\",\"urlTemplate\":\"https:\\\/\\\/www.mondiale.be\\\/fr\\\/?s={search_term_string}\"},\"query-input\":{\"@type\":\"PropertyValueSpecification\",\"valueRequired\":true,\"valueName\":\"search_term_string\"}}],\"inLanguage\":\"fr-FR\"},{\"@type\":\"Organization\",\"@id\":\"https:\\\/\\\/www.mondiale.be\\\/fr\\\/#organization\",\"name\":\"Mondiale metalworking machines\",\"alternateName\":\"Mondiale\",\"url\":\"https:\\\/\\\/www.mondiale.be\\\/fr\\\/\",\"logo\":{\"@type\":\"ImageObject\",\"inLanguage\":\"fr-FR\",\"@id\":\"https:\\\/\\\/www.mondiale.be\\\/fr\\\/#\\\/schema\\\/logo\\\/image\\\/\",\"url\":\"https:\\\/\\\/www.mondiale.be\\\/assets\\\/logo-mondiale-notag-alt-color.svg\",\"contentUrl\":\"https:\\\/\\\/www.mondiale.be\\\/assets\\\/logo-mondiale-notag-alt-color.svg\",\"width\":1,\"height\":1,\"caption\":\"Mondiale metalworking machines\"},\"image\":{\"@id\":\"https:\\\/\\\/www.mondiale.be\\\/fr\\\/#\\\/schema\\\/logo\\\/image\\\/\"},\"sameAs\":[\"https:\\\/\\\/www.facebook.com\\\/mondialenv\\\/\"]}]}<\/script>\n<!-- \/ Yoast SEO plugin. -->","yoast_head_json":{"title":"VENTE - Mondiale","robots":{"index":"index","follow":"follow","max-snippet":"max-snippet:-1","max-image-preview":"max-image-preview:large","max-video-preview":"max-video-preview:-1"},"canonical":"https:\/\/www.mondiale.be\/fr\/vente\/","og_locale":"fr_FR","og_type":"article","og_title":"VENTE - Mondiale","og_url":"https:\/\/www.mondiale.be\/fr\/vente\/","og_site_name":"Mondiale","article_publisher":"https:\/\/www.facebook.com\/mondialenv\/","article_modified_time":"2025-02-19T14:39:09+00:00","twitter_card":"summary_large_image","schema":{"@context":"https:\/\/schema.org","@graph":[{"@type":"WebPage","@id":"https:\/\/www.mondiale.be\/fr\/vente\/","url":"https:\/\/www.mondiale.be\/fr\/vente\/","name":"VENTE - Mondiale","isPartOf":{"@id":"https:\/\/www.mondiale.be\/fr\/#website"},"datePublished":"2019-07-08T12:06:50+00:00","dateModified":"2025-02-19T14:39:09+00:00","breadcrumb":{"@id":"https:\/\/www.mondiale.be\/fr\/vente\/#breadcrumb"},"inLanguage":"fr-FR","potentialAction":[{"@type":"ReadAction","target":["https:\/\/www.mondiale.be\/fr\/vente\/"]}]},{"@type":"BreadcrumbList","@id":"https:\/\/www.mondiale.be\/fr\/vente\/#breadcrumb","itemListElement":[{"@type":"ListItem","position":1,"name":"Home","item":"https:\/\/www.mondiale.be\/fr\/home\/"},{"@type":"ListItem","position":2,"name":"VENTE"}]},{"@type":"WebSite","@id":"https:\/\/www.mondiale.be\/fr\/#website","url":"https:\/\/www.mondiale.be\/fr\/","name":"Mondiale metalworking machines","description":"Your Machine Tool Partner","publisher":{"@id":"https:\/\/www.mondiale.be\/fr\/#organization"},"alternateName":"Mondiale","potentialAction":[{"@type":"SearchAction","target":{"@type":"EntryPoint","urlTemplate":"https:\/\/www.mondiale.be\/fr\/?s={search_term_string}"},"query-input":{"@type":"PropertyValueSpecification","valueRequired":true,"valueName":"search_term_string"}}],"inLanguage":"fr-FR"},{"@type":"Organization","@id":"https:\/\/www.mondiale.be\/fr\/#organization","name":"Mondiale metalworking machines","alternateName":"Mondiale","url":"https:\/\/www.mondiale.be\/fr\/","logo":{"@type":"ImageObject","inLanguage":"fr-FR","@id":"https:\/\/www.mondiale.be\/fr\/#\/schema\/logo\/image\/","url":"https:\/\/www.mondiale.be\/assets\/logo-mondiale-notag-alt-color.svg","contentUrl":"https:\/\/www.mondiale.be\/assets\/logo-mondiale-notag-alt-color.svg","width":1,"height":1,"caption":"Mondiale metalworking machines"},"image":{"@id":"https:\/\/www.mondiale.be\/fr\/#\/schema\/logo\/image\/"},"sameAs":["https:\/\/www.facebook.com\/mondialenv\/"]}]}},"_links":{"self":[{"href":"https:\/\/www.mondiale.be\/fr\/wp-json\/wp\/v2\/pages\/1610","targetHints":{"allow":["GET"]}}],"collection":[{"href":"https:\/\/www.mondiale.be\/fr\/wp-json\/wp\/v2\/pages"}],"about":[{"href":"https:\/\/www.mondiale.be\/fr\/wp-json\/wp\/v2\/types\/page"}],"author":[{"embeddable":true,"href":"https:\/\/www.mondiale.be\/fr\/wp-json\/wp\/v2\/users\/2"}],"replies":[{"embeddable":true,"href":"https:\/\/www.mondiale.be\/fr\/wp-json\/wp\/v2\/comments?post=1610"}],"version-history":[{"count":0,"href":"https:\/\/www.mondiale.be\/fr\/wp-json\/wp\/v2\/pages\/1610\/revisions"}],"wp:attachment":[{"href":"https:\/\/www.mondiale.be\/fr\/wp-json\/wp\/v2\/media?parent=1610"}],"curies":[{"name":"wp","href":"https:\/\/api.w.org\/{rel}","templated":true}]}}